{"id":290,"date":"2019-08-06T11:36:46","date_gmt":"2019-08-06T11:36:46","guid":{"rendered":"http:\/\/conseguiremoslaluna.es\/?page_id=290"},"modified":"2023-06-04T15:36:37","modified_gmt":"2023-06-04T15:36:37","slug":"sobre-mi","status":"publish","type":"page","link":"http:\/\/conseguiremoslaluna.es\/?page_id=290","title":{"rendered":"Sobre m\u00ed"},"content":{"rendered":"\n<figure class=\"wp-block-image\"><img loading=\"lazy\" decoding=\"async\" width=\"151\" height=\"113\" src=\"http:\/\/conseguiremoslaluna.es\/wp-content\/uploads\/2019\/08\/ella.jpg\" alt=\"Raquel L\u00f3pez Merch\u00e1n\" class=\"wp-image-291\" srcset=\"http:\/\/conseguiremoslaluna.es\/wp-content\/uploads\/2019\/08\/ella.jpg 151w, http:\/\/conseguiremoslaluna.es\/wp-content\/uploads\/2019\/08\/ella-150x113.jpg 150w\" sizes=\"auto, (max-width: 151px) 85vw, 151px\" \/><\/figure>\n\n\n\n<p>Hola, si has llegado hasta aqu\u00ed es que me conoces  o algo te han contado. Soy Raquel L\u00f3pez Merch\u00e1n y nac\u00ed en Salamanca en 1977. Misma ciudad en la que vivo desde entonces.<\/p>\n\n\n\n<p>Soy Doctora en Derecho y Ciencias Sociales desde el 27 de noviembre de 2017 por la UNED, tras m\u00e1s de cuatro a\u00f1os largos de investigaci\u00f3n, estudio, escritura y lucha. Mi #malditatesis se titula: \u00ab<em>La situaci\u00f3n de las mujeres inmigrantes v\u00edctimas de violencia de g\u00e9nero desde la visi\u00f3n de las y los profesionales. Castilla y Le\u00f3n como \u00e1mbito geogr\u00e1fico de estudio<\/em>\u00ab. <\/p>\n\n\n\n<p>Me licenci\u00e9 en Derecho en la Universidad de Salamanca. Continu\u00e9 mis estudios en la UNED realizando el M\u00e1ster en Malos Tratos y Violencia de G\u00e9nero y, posteriormente, el M\u00e1ster en Derechos Humanos.<\/p>\n\n\n\n<p>Desde el 2013, m\u00e1s o menos, organizo, gestiono y coordino, junto a un grupo de amistades, la asociaci\u00f3n cultural La Pandilla Chancleta, llevando a cabo, como monitora, el rinc\u00f3n l\u00fadico-creativo \u201cLa Pandilla Chancleta\u201d.<\/p>\n\n\n\n<p>Adem\u00e1s soy una cuentera o cuentista o cuentacuentos, uniendo mi pasi\u00f3n por la lectura con la narraci\u00f3n.<\/p>\n\n\n\n<p>Mi pasi\u00f3n por los temas sociales ha sido siempre el motor de mi vida. En consecuencia, he colaborado con distintas asociaciones y entidades: ASCOL, Cruz Roja Salamanca, Generando Igualdad (Madrid), Adavas Salamanca,  FAMUVI y Amdeve B\u00e9jar. En todas he unido el feminismo con mis ganas de cambiar el mundo a trav\u00e9s del trabajo con mujeres, migrantes, violencia de g\u00e9nero, infancia&#8230;<\/p>\n\n\n\n<p>Mi labor profesional se ha centrado en los temas sociales a trav\u00e9s de mi trabajo en Adavas, FAMUVI, Amdeve, Fundaci\u00f3n AFIM, Insolamis, Diputaci\u00f3n de Salamanca y Fundaci\u00f3n Cepaim Salamanca. En estas entidades he agrupado mujer, migraci\u00f3n, igualdad, violencia de g\u00e9nero y sexual, medio rural, inserci\u00f3n laboral y emprendimiento como ejes centrales de mi trabajo. Realizando una labor de prevenci\u00f3n, sensibilizaci\u00f3n, acompa\u00f1amiento, apoyo y asesoramiento.<\/p>\n\n\n\n<p>Colaboro con diferentes medios de comunicaci\u00f3n, como la revista REDUR de la Universidad Internacional de La Rioja, la revista CLIO &amp; CRIMEN del Centro de Historia del Crimen de Durango y Tribuna Feminista. <\/p>\n\n\n\n<p>Adem\u00e1s, mi labor como docente, me ha llevado a colaborar en formaci\u00f3n, conferencias, charlas, jornadas formativas relacionadas con la prevenci\u00f3n y sensibilizaci\u00f3n en igualdad y contra las violencias machistas.<\/p>\n\n\n\n<p>El Doctorado me llev\u00f3 a cruzar el charco, casi sin pens\u00e1rmelo, y estar residiendo s\u00f3lo por 1 mes en Ecuador. Bah\u00eda de Car\u00e1quez y sus mujeres dejaron una huella imborrable en mi coraz\u00f3n. Me ense\u00f1aron tanto y tanto. Fue la oportunidad de viajar lejos de mi hogar y empezar con esa labor docente en otra tierra distinta y en otra cultura. Tuve la enorme suerte de dar algunas charlas en una de las Universidades de la ciudad gracias a su decana do\u00f1a Clotilde Chica, pero sobre todo, gracias a mi amigo Benja que me ayud\u00f3 a que las puertas se abrieran.<\/p>\n\n\n\n<p>En ese mismo tiempo, corto por otra parte, tambi\u00e9n descubr\u00ed diferentes lugares gracias a la Municipalidad pues Andrea, una mujer feminista, fuerte y luchadora, me acompa\u00f1\u00f3 en esta aventura de hablar sobre igualdad y violencia de g\u00e9nero en lugares remotos.<\/p>\n\n\n\n<p>Mi relaci\u00f3n con el otro lado del charco, del oc\u00e9ano Atl\u00e1ntico, continua con la colaboraci\u00f3n, desde la distancia, con el Movimiento de Mujeres de Natal (Brasil).  Las redes sociales unen a mujeres que luchan por las mismas causas y esto es lo que nos pas\u00f3 a Isabella y a m\u00ed. Doy las gracias porque esta abogada y doctoranda se pusiera en contacto conmigo a trav\u00e9s de Instagram porque, despu\u00e9s de esas l\u00edneas, se inici\u00f3 una colaboraci\u00f3n estrecha entre ambas. Me invit\u00f3 a formar parte del colectivo de mujeres que luchan en su ciudad por la igualdad y contra la violencia que sufren las mujeres en Brasil. Como consecuencia, tengo el honor de ser la coordinadora de Interseccionalidad y Diversidad del Movimiento. Espero poder visitarlas pronto para aprender de ellas, de su empuje, de su fuerza y de su constancia.<\/p>\n\n\n\n<p>He escrito un libro, consecuencia de mi tesis doctoral, titulado \u00ab<em>Revictimizadas: migrantes y v\u00edctimas de violencia de g\u00e9nero<\/em>\u00ab, con la editorial Lo que no existe (Luna Nueva).<\/p>\n\n\n\n<figure class=\"wp-block-image size-large is-resized is-style-default\"><img loading=\"lazy\" decoding=\"async\" src=\"http:\/\/conseguiremoslaluna.es\/wp-content\/uploads\/2020\/04\/Revictimizadas.jpeg\" alt=\"\" class=\"wp-image-310\" width=\"495\" height=\"743\" srcset=\"http:\/\/conseguiremoslaluna.es\/wp-content\/uploads\/2020\/04\/Revictimizadas.jpeg 660w, http:\/\/conseguiremoslaluna.es\/wp-content\/uploads\/2020\/04\/Revictimizadas-200x300.jpeg 200w\" sizes=\"auto, (max-width: 495px) 85vw, 495px\" \/><\/figure>\n\n\n\n<p><\/p>\n\n\n\n<p>Con \u00e9l he llegado a varios lugares para su presentaci\u00f3n y, as\u00ed, poder seguir sensibilizando y concienciando a la poblaci\u00f3n sobre la migraci\u00f3n, la violencia de g\u00e9nero y las mujeres. Pe\u00f1aranda de Bracamonte, Salamanca (Espacio Intruso y la Biblioteca Municipal del barrio de La Vega), B\u00e9jar, Santiago de Compostela, Zaragoza, Huesca y Ciudad Rodrigo han sido los lugares por donde he pasado. Pero, gracias a las redes sociales he podido presentarlo a trav\u00e9s de Generando Igualdad (Madrid), el CITE de CC.OO en Castilla y Le\u00f3n y las entrevistas que me han realizado para diferentes medios de comunicaci\u00f3n.<\/p>\n\n\n\n<p>Espero tener la suerte de seguir acercando mi libro a m\u00e1s lugares y m\u00e1s poblaci\u00f3n.<\/p>\n\n\n\n<p>En el 2023,despu\u00e9s de la pandemia, he auto-publicado con Amazon, un libro donde recojo los art\u00edculos que he publicado en el diario digital salmantino Noticias Salamanca desde mayo de 2022 hasta febrero de 2023, m\u00e1s o menos.<\/p>\n\n\n\n<p>En este libro hablo sobre temas de \u00abmujeres\u00bb, sobre migraci\u00f3n, sobre la igualdad, etc. Temas sociales aderezados con recomendaciones literarias, audiovisuales y musicales. <\/p>\n\n\n\n<figure class=\"wp-block-image size-full is-resized is-style-default\"><img loading=\"lazy\" decoding=\"async\" src=\"http:\/\/conseguiremoslaluna.es\/wp-content\/uploads\/2023\/06\/Me-amare-mejor.jpg\" alt=\"\" class=\"wp-image-820\" width=\"500\" height=\"750\" srcset=\"http:\/\/conseguiremoslaluna.es\/wp-content\/uploads\/2023\/06\/Me-amare-mejor.jpg 667w, http:\/\/conseguiremoslaluna.es\/wp-content\/uploads\/2023\/06\/Me-amare-mejor-200x300.jpg 200w\" sizes=\"auto, (max-width: 500px) 85vw, 500px\" \/><\/figure>\n","protected":false},"excerpt":{"rendered":"<p>Hola, si has llegado hasta aqu\u00ed es que me conoces o algo te han contado. Soy Raquel L\u00f3pez Merch\u00e1n y nac\u00ed en Salamanca en 1977. Misma ciudad en la que vivo desde entonces. Soy Doctora en Derecho y Ciencias Sociales desde el 27 de noviembre de 2017 por la UNED, tras m\u00e1s de cuatro a\u00f1os &hellip; <a href=\"http:\/\/conseguiremoslaluna.es\/?page_id=290\" class=\"more-link\">Continuar leyendo<span class=\"screen-reader-text\"> \u00abSobre m\u00ed\u00bb<\/span><\/a><\/p>\n","protected":false},"author":1,"featured_media":0,"parent":0,"menu_order":0,"comment_status":"closed","ping_status":"closed","template":"","meta":{"footnotes":""},"class_list":["post-290","page","type-page","status-publish","hentry"],"_links":{"self":[{"href":"http:\/\/conseguiremoslaluna.es\/index.php?rest_route=\/wp\/v2\/pages\/290","targetHints":{"allow":["GET"]}}],"collection":[{"href":"http:\/\/conseguiremoslaluna.es\/index.php?rest_route=\/wp\/v2\/pages"}],"about":[{"href":"http:\/\/conseguiremoslaluna.es\/index.php?rest_route=\/wp\/v2\/types\/page"}],"author":[{"embeddable":true,"href":"http:\/\/conseguiremoslaluna.es\/index.php?rest_route=\/wp\/v2\/users\/1"}],"replies":[{"embeddable":true,"href":"http:\/\/conseguiremoslaluna.es\/index.php?rest_route=%2Fwp%2Fv2%2Fcomments&post=290"}],"version-history":[{"count":10,"href":"http:\/\/conseguiremoslaluna.es\/index.php?rest_route=\/wp\/v2\/pages\/290\/revisions"}],"predecessor-version":[{"id":821,"href":"http:\/\/conseguiremoslaluna.es\/index.php?rest_route=\/wp\/v2\/pages\/290\/revisions\/821"}],"wp:attachment":[{"href":"http:\/\/conseguiremoslaluna.es\/index.php?rest_route=%2Fwp%2Fv2%2Fmedia&parent=290"}],"curies":[{"name":"wp","href":"https:\/\/api.w.org\/{rel}","templated":true}]}}